{"id":62,"date":"2023-09-20T23:32:36","date_gmt":"2023-09-20T21:32:36","guid":{"rendered":"https:\/\/empresadeseguridad.davidibiza.com\/?page_id=62"},"modified":"2023-09-21T21:18:25","modified_gmt":"2023-09-21T19:18:25","slug":"porque-elegirnos","status":"publish","type":"page","link":"https:\/\/empresadeseguridad.davidibiza.com\/index.php\/porque-elegirnos\/","title":{"rendered":"Porqu\u00e9 elegirnos"},"content":{"rendered":"\t\t<div data-elementor-type=\"wp-page\" data-elementor-id=\"62\" class=\"elementor elementor-62\" data-elementor-post-type=\"page\">\n\t\t\t\t<div class=\"elementor-element elementor-element-6b7bc7da e-con-full e-flex e-con e-parent\" data-id=\"6b7bc7da\" data-element_type=\"container\" data-e-type=\"container\" data-settings=\"{&quot;background_background&quot;:&quot;classic&quot;}\">\n\t\t\t\t<div class=\"elementor-element elementor-element-4d422b3b elementor-widget elementor-widget-heading\" data-id=\"4d422b3b\" data-element_type=\"widget\" data-e-type=\"widget\" data-widget_type=\"heading.default\">\n\t\t\t\t<div class=\"elementor-widget-container\">\n\t\t\t\t\t<h2 class=\"elementor-heading-title elementor-size-default\">Porqu\u00e9 elegirnos<\/h2>\t\t\t\t<\/div>\n\t\t\t\t<\/div>\n\t\t\t\t<\/div>\n\t\t<div class=\"elementor-element elementor-element-0d2a61f e-flex e-con-boxed e-con e-parent\" data-id=\"0d2a61f\" data-element_type=\"container\" data-e-type=\"container\">\n\t\t\t\t\t<div class=\"e-con-inner\">\n\t\t\t\t<div class=\"elementor-element elementor-element-08c3c85 elementor-widget elementor-widget-spacer\" data-id=\"08c3c85\" data-element_type=\"widget\" data-e-type=\"widget\" data-widget_type=\"spacer.default\">\n\t\t\t\t<div class=\"elementor-widget-container\">\n\t\t\t\t\t\t\t<div class=\"elementor-spacer\">\n\t\t\t<div class=\"elementor-spacer-inner\"><\/div>\n\t\t<\/div>\n\t\t\t\t\t\t<\/div>\n\t\t\t\t<\/div>\n\t\t\t\t<div class=\"elementor-element elementor-element-b15e8c3 elementor-widget elementor-widget-qi_addons_for_elementor_dual_image_with_content\" data-id=\"b15e8c3\" data-element_type=\"widget\" data-e-type=\"widget\" data-widget_type=\"qi_addons_for_elementor_dual_image_with_content.default\">\n\t\t\t\t<div class=\"elementor-widget-container\">\n\t\t\t\t\t<div class=\"qodef-shortcode qodef-m qodef-qi-dual-image-with-content qodef--content-left qodef-decoration--italic qodef-link--underline-draw qodef-qi--has-appear\">\n\t<div class=\"qodef-dual-content\">\n\t\t<div class=\"qodef-m-inner-content\">\n\t\t\t\t<h2 class=\"qodef-m-title\">\n\t\tSomos los mejores en nuestra industria en materia de seguridad residencial y comercial.\t<\/h2>\n\t\t\t\t<p class=\"qodef-m-text\">Security Systems of America fue clasificada como una de las 100 principales empresas de seguridad del pa\u00eds por la revista SDM.\nPonga sobre la mesa estrategias de supervivencia beneficiosas para todos para garantizar una dominaci\u00f3n proactiva. Al fin y al cabo, de cara al futuro, una nueva normalidad que ha evolucionado desde la generaci\u00f3n X est\u00e1 en camino hacia una soluci\u00f3n de nube optimizada. El contenido generado por el usuario en tiempo real tendr\u00e1 m\u00faltiples puntos de contacto.<\/p>\n\t\t<\/div>\n\t\t<div class=\"qodef-m-inner-bottom\">\n\t\t\t\t\t<\/div>\n\t<\/div>\n\t<div class=\"qodef-image-holder\">\n\t\t<div class=\"qodef-m-main-image\">\n\t<img fetchpriority=\"high\" decoding=\"async\" width=\"370\" height=\"425\" src=\"https:\/\/empresadeseguridad.davidibiza.com\/wp-content\/uploads\/2023\/09\/image-8.jpg\" class=\"attachment-full size-full\" alt=\"\" srcset=\"https:\/\/empresadeseguridad.davidibiza.com\/wp-content\/uploads\/2023\/09\/image-8.jpg 370w, https:\/\/empresadeseguridad.davidibiza.com\/wp-content\/uploads\/2023\/09\/image-8-261x300.jpg 261w\" sizes=\"(max-width: 370px) 100vw, 370px\" \/><\/div>\n\t\t<div class=\"qodef-m-second-image\">\n\t<img decoding=\"async\" width=\"258\" height=\"300\" src=\"https:\/\/empresadeseguridad.davidibiza.com\/wp-content\/uploads\/2023\/09\/image-7-258x300.jpg\" class=\"attachment-medium size-medium\" alt=\"\" srcset=\"https:\/\/empresadeseguridad.davidibiza.com\/wp-content\/uploads\/2023\/09\/image-7-258x300.jpg 258w, https:\/\/empresadeseguridad.davidibiza.com\/wp-content\/uploads\/2023\/09\/image-7.jpg 370w\" sizes=\"(max-width: 258px) 100vw, 258px\" \/><\/div>\n\t<\/div>\n<\/div>\n\t\t\t\t<\/div>\n\t\t\t\t<\/div>\n\t\t\t\t\t<\/div>\n\t\t\t\t<\/div>\n\t\t<div class=\"elementor-element elementor-element-d91f5a7 e-flex e-con-boxed e-con e-parent\" data-id=\"d91f5a7\" data-element_type=\"container\" data-e-type=\"container\">\n\t\t\t\t\t<div class=\"e-con-inner\">\n\t\t\t\t<div class=\"elementor-element elementor-element-db1e2cb elementor-widget elementor-widget-spacer\" data-id=\"db1e2cb\" data-element_type=\"widget\" data-e-type=\"widget\" data-widget_type=\"spacer.default\">\n\t\t\t\t<div class=\"elementor-widget-container\">\n\t\t\t\t\t\t\t<div class=\"elementor-spacer\">\n\t\t\t<div class=\"elementor-spacer-inner\"><\/div>\n\t\t<\/div>\n\t\t\t\t\t\t<\/div>\n\t\t\t\t<\/div>\n\t\t\t\t\t<\/div>\n\t\t\t\t<\/div>\n\t\t<div class=\"elementor-element elementor-element-dd1e01a e-flex e-con-boxed e-con e-parent\" data-id=\"dd1e01a\" data-element_type=\"container\" data-e-type=\"container\">\n\t\t\t\t\t<div class=\"e-con-inner\">\n\t\t<div class=\"elementor-element elementor-element-d6debde e-con-full e-flex e-con e-child\" data-id=\"d6debde\" data-element_type=\"container\" data-e-type=\"container\">\n\t\t\t\t<div class=\"elementor-element elementor-element-b057277 elementor-widget elementor-widget-heading\" data-id=\"b057277\" data-element_type=\"widget\" data-e-type=\"widget\" data-widget_type=\"heading.default\">\n\t\t\t\t<div class=\"elementor-widget-container\">\n\t\t\t\t\t<h3 class=\"elementor-heading-title elementor-size-default\">\u00bfPor qu\u00e9 elegirnos?<\/h3>\t\t\t\t<\/div>\n\t\t\t\t<\/div>\n\t\t\t\t<div class=\"elementor-element elementor-element-165d86e elementor-widget elementor-widget-text-editor\" data-id=\"165d86e\" data-element_type=\"widget\" data-e-type=\"widget\" data-widget_type=\"text-editor.default\">\n\t\t\t\t<div class=\"elementor-widget-container\">\n\t\t\t\t\t\t\t\t\t<p>Para la mayor\u00eda de nosotros, nuestra casa no es s\u00f3lo un lugar, es el lugar donde criamos a nuestros hijos, invertimos energ\u00eda en la familia y renunciamos peri\u00f3dicamente.<\/p>\t\t\t\t\t\t\t\t<\/div>\n\t\t\t\t<\/div>\n\t\t\t\t<div class=\"elementor-element elementor-element-b3ccd62 elementor-icon-list--layout-traditional elementor-list-item-link-full_width elementor-widget elementor-widget-icon-list\" data-id=\"b3ccd62\" data-element_type=\"widget\" data-e-type=\"widget\" data-widget_type=\"icon-list.default\">\n\t\t\t\t<div class=\"elementor-widget-container\">\n\t\t\t\t\t\t\t<ul class=\"elementor-icon-list-items\">\n\t\t\t\t\t\t\t<li class=\"elementor-icon-list-item\">\n\t\t\t\t\t\t\t\t\t\t\t<span class=\"elementor-icon-list-icon\">\n\t\t\t\t\t\t\t<i aria-hidden=\"true\" class=\"fas fa-check\"><\/i>\t\t\t\t\t\t<\/span>\n\t\t\t\t\t\t\t\t\t\t<span class=\"elementor-icon-list-text\">T\u00e9cnicos amables, educados, limpios y experimentados.<\/span>\n\t\t\t\t\t\t\t\t\t<\/li>\n\t\t\t\t\t\t\t\t<li class=\"elementor-icon-list-item\">\n\t\t\t\t\t\t\t\t\t\t\t<span class=\"elementor-icon-list-icon\">\n\t\t\t\t\t\t\t<i aria-hidden=\"true\" class=\"fas fa-check\"><\/i>\t\t\t\t\t\t<\/span>\n\t\t\t\t\t\t\t\t\t\t<span class=\"elementor-icon-list-text\">Productos de alta calidad<\/span>\n\t\t\t\t\t\t\t\t\t<\/li>\n\t\t\t\t\t\t\t\t<li class=\"elementor-icon-list-item\">\n\t\t\t\t\t\t\t\t\t\t\t<span class=\"elementor-icon-list-icon\">\n\t\t\t\t\t\t\t<i aria-hidden=\"true\" class=\"fas fa-check\"><\/i>\t\t\t\t\t\t<\/span>\n\t\t\t\t\t\t\t\t\t\t<span class=\"elementor-icon-list-text\">Monitoreo profesional 24 horas al d\u00eda, 7 d\u00edas a la semana<\/span>\n\t\t\t\t\t\t\t\t\t<\/li>\n\t\t\t\t\t\t\t\t<li class=\"elementor-icon-list-item\">\n\t\t\t\t\t\t\t\t\t\t\t<span class=\"elementor-icon-list-icon\">\n\t\t\t\t\t\t\t<i aria-hidden=\"true\" class=\"fas fa-check\"><\/i>\t\t\t\t\t\t<\/span>\n\t\t\t\t\t\t\t\t\t\t<span class=\"elementor-icon-list-text\">Soporte r\u00e1pido y con conocimiento<\/span>\n\t\t\t\t\t\t\t\t\t<\/li>\n\t\t\t\t\t\t\t\t<li class=\"elementor-icon-list-item\">\n\t\t\t\t\t\t\t\t\t\t\t<span class=\"elementor-icon-list-icon\">\n\t\t\t\t\t\t\t<i aria-hidden=\"true\" class=\"fas fa-check\"><\/i>\t\t\t\t\t\t<\/span>\n\t\t\t\t\t\t\t\t\t\t<span class=\"elementor-icon-list-text\">Totalmente licenciado y asegurado<\/span>\n\t\t\t\t\t\t\t\t\t<\/li>\n\t\t\t\t\t\t<\/ul>\n\t\t\t\t\t\t<\/div>\n\t\t\t\t<\/div>\n\t\t\t\t<\/div>\n\t\t<div class=\"elementor-element elementor-element-cab558d e-con-full e-flex e-con e-child\" data-id=\"cab558d\" data-element_type=\"container\" data-e-type=\"container\">\n\t\t\t\t<div class=\"elementor-element elementor-element-99aa79c elementor-widget elementor-widget-image\" data-id=\"99aa79c\" data-element_type=\"widget\" data-e-type=\"widget\" data-widget_type=\"image.default\">\n\t\t\t\t<div class=\"elementor-widget-container\">\n\t\t\t\t\t\t\t\t\t\t\t\t\t\t\t<img decoding=\"async\" width=\"450\" height=\"330\" src=\"https:\/\/empresadeseguridad.davidibiza.com\/wp-content\/uploads\/2023\/09\/image-2.png\" class=\"attachment-large size-large wp-image-139\" alt=\"\" srcset=\"https:\/\/empresadeseguridad.davidibiza.com\/wp-content\/uploads\/2023\/09\/image-2.png 450w, https:\/\/empresadeseguridad.davidibiza.com\/wp-content\/uploads\/2023\/09\/image-2-300x220.png 300w\" sizes=\"(max-width: 450px) 100vw, 450px\" \/>\t\t\t\t\t\t\t\t\t\t\t\t\t\t\t<\/div>\n\t\t\t\t<\/div>\n\t\t\t\t<\/div>\n\t\t\t\t\t<\/div>\n\t\t\t\t<\/div>\n\t\t<div class=\"elementor-element elementor-element-08b1670 e-flex e-con-boxed e-con e-parent\" data-id=\"08b1670\" data-element_type=\"container\" data-e-type=\"container\">\n\t\t\t\t\t<div class=\"e-con-inner\">\n\t\t\t\t<div class=\"elementor-element elementor-element-c883964 elementor-widget elementor-widget-spacer\" data-id=\"c883964\" data-element_type=\"widget\" data-e-type=\"widget\" data-widget_type=\"spacer.default\">\n\t\t\t\t<div class=\"elementor-widget-container\">\n\t\t\t\t\t\t\t<div class=\"elementor-spacer\">\n\t\t\t<div class=\"elementor-spacer-inner\"><\/div>\n\t\t<\/div>\n\t\t\t\t\t\t<\/div>\n\t\t\t\t<\/div>\n\t\t\t\t<div class=\"elementor-element elementor-element-688221e elementor-widget elementor-widget-heading\" data-id=\"688221e\" data-element_type=\"widget\" data-e-type=\"widget\" data-widget_type=\"heading.default\">\n\t\t\t\t<div class=\"elementor-widget-container\">\n\t\t\t\t\t<h3 class=\"elementor-heading-title elementor-size-default\">15 a\u00f1os de experiencia en nuestro campo y brindar los mejores servicios.<\/h3>\t\t\t\t<\/div>\n\t\t\t\t<\/div>\n\t\t\t\t<div class=\"elementor-element elementor-element-493e357 elementor-widget elementor-widget-text-editor\" data-id=\"493e357\" data-element_type=\"widget\" data-e-type=\"widget\" data-widget_type=\"text-editor.default\">\n\t\t\t\t<div class=\"elementor-widget-container\">\n\t\t\t\t\t\t\t\t\t<div class=\"elementor-element elementor-element-95f28ed elementor-widget elementor-widget-heading\" data-id=\"95f28ed\" data-element_type=\"widget\" data-widget_type=\"heading.default\"><div class=\"elementor-widget-container\"><h5 class=\"elementor-heading-title elementor-size-default\">We\u2019re Local:<\/h5><\/div><\/div><div class=\"elementor-element elementor-element-2d98760 elementor-widget elementor-widget-text-editor\" data-id=\"2d98760\" data-element_type=\"widget\" data-widget_type=\"text-editor.default\"><div class=\"elementor-widget-container\"><p>SSA is 100% locally owned and operated.<\/p><\/div><\/div><div class=\"elementor-element elementor-element-aade993 elementor-widget elementor-widget-heading\" data-id=\"aade993\" data-element_type=\"widget\" data-widget_type=\"heading.default\"><div class=\"elementor-widget-container\"><h5 class=\"elementor-heading-title elementor-size-default\">We\u2019re Reliable:<\/h5><\/div><\/div><div class=\"elementor-element elementor-element-80cdb31 elementor-widget elementor-widget-text-editor\" data-id=\"80cdb31\" data-element_type=\"widget\" data-widget_type=\"text-editor.default\"><div class=\"elementor-widget-container\"><p>Founded in 1992, homesafe has been offering security products and services for 4 decades. Check<br \/>our A+ Better Business Bureau rating.<\/p><\/div><\/div><div class=\"elementor-element elementor-element-5e43324 elementor-widget elementor-widget-heading\" data-id=\"5e43324\" data-element_type=\"widget\" data-widget_type=\"heading.default\"><div class=\"elementor-widget-container\"><h5 class=\"elementor-heading-title elementor-size-default\">We\u2019re Affordable:<\/h5><\/div><\/div><div class=\"elementor-element elementor-element-690db8d elementor-widget elementor-widget-text-editor\" data-id=\"690db8d\" data-element_type=\"widget\" data-widget_type=\"text-editor.default\"><div class=\"elementor-widget-container\"><p>We believe that security should be affordable for everyone. We\u2019ll design a system around your<br \/>budget.<\/p><\/div><\/div>\t\t\t\t\t\t\t\t<\/div>\n\t\t\t\t<\/div>\n\t\t\t\t\t<\/div>\n\t\t\t\t<\/div>\n\t\t\t\t<\/div>\n\t\t","protected":false},"excerpt":{"rendered":"<p>Somos los mejores en nuestra industria en materia de seguridad residencial y comercial. Security Systems of America fue clasificada como una de las 100 principales empresas de seguridad del pa\u00eds por la revista SDM. Ponga sobre la mesa estrategias de supervivencia beneficiosas para todos para garantizar una dominaci\u00f3n proactiva. Al fin y al cabo, de [&hellip;]<\/p>\n","protected":false},"author":1,"featured_media":0,"parent":0,"menu_order":0,"comment_status":"closed","ping_status":"closed","template":"elementor_header_footer","meta":{"footnotes":""},"class_list":["post-62","page","type-page","status-publish","hentry"],"_links":{"self":[{"href":"https:\/\/empresadeseguridad.davidibiza.com\/index.php\/wp-json\/wp\/v2\/pages\/62","targetHints":{"allow":["GET"]}}],"collection":[{"href":"https:\/\/empresadeseguridad.davidibiza.com\/index.php\/wp-json\/wp\/v2\/pages"}],"about":[{"href":"https:\/\/empresadeseguridad.davidibiza.com\/index.php\/wp-json\/wp\/v2\/types\/page"}],"author":[{"embeddable":true,"href":"https:\/\/empresadeseguridad.davidibiza.com\/index.php\/wp-json\/wp\/v2\/users\/1"}],"replies":[{"embeddable":true,"href":"https:\/\/empresadeseguridad.davidibiza.com\/index.php\/wp-json\/wp\/v2\/comments?post=62"}],"version-history":[{"count":7,"href":"https:\/\/empresadeseguridad.davidibiza.com\/index.php\/wp-json\/wp\/v2\/pages\/62\/revisions"}],"predecessor-version":[{"id":213,"href":"https:\/\/empresadeseguridad.davidibiza.com\/index.php\/wp-json\/wp\/v2\/pages\/62\/revisions\/213"}],"wp:attachment":[{"href":"https:\/\/empresadeseguridad.davidibiza.com\/index.php\/wp-json\/wp\/v2\/media?parent=62"}],"curies":[{"name":"wp","href":"https:\/\/api.w.org\/{rel}","templated":true}]}}